{"id":237483,"date":"2022-05-16T12:19:57","date_gmt":"2022-05-16T12:19:57","guid":{"rendered":"https:\/\/inapalmetal.pt\/?page_id=237483"},"modified":"2025-11-17T11:53:43","modified_gmt":"2025-11-17T11:53:43","slug":"politica","status":"publish","type":"page","link":"https:\/\/inapalmetal.pt\/en\/politica\/","title":{"rendered":"Policy"},"content":{"rendered":"<p>[et_pb_section fb_built=&#8221;1&#8243; disabled_on=&#8221;on|on|off&#8221; admin_label=&#8221;Header&#8221; _builder_version=&#8221;4.27.4&#8243; _module_preset=&#8221;default&#8221; background_color=&#8221;#5B8500&#8243; background_color_gradient_stops=&#8221;rgba(0,0,0,0.3) 0%|rgba(0,0,0,0.3) 100%&#8221; background_image=&#8221;https:\/\/inapalmetal.pt\/wp-content\/uploads\/2025\/09\/Sobre-Nos.png&#8221; background_size=&#8221;custom&#8221; background_image_height=&#8221;0%&#8221; background_horizontal_offset=&#8221;54%&#8221; background_blend=&#8221;luminosity&#8221; max_width_tablet=&#8221;&#8221; max_width_phone=&#8221;&#8221; max_width_last_edited=&#8221;on|desktop&#8221; min_height_tablet=&#8221;270.5px&#8221; min_height_phone=&#8221;200px&#8221; min_height_last_edited=&#8221;on|phone&#8221; height_tablet=&#8221;&#8221; height_phone=&#8221;85px&#8221; height_last_edited=&#8221;on|phone&#8221; custom_padding=&#8221;3%||0.2%||false|false&#8221; top_divider_height_tablet=&#8221;&#8221; top_divider_height_phone=&#8221;&#8221; top_divider_height_last_edited=&#8221;on|desktop&#8221; bottom_divider_style=&#8221;ramp&#8221; bottom_divider_color=&#8221;#e02b20&#8243; bottom_divider_height=&#8221;45px&#8221; bottom_divider_height_tablet=&#8221;45px&#8221; bottom_divider_height_phone=&#8221;45px&#8221; bottom_divider_height_last_edited=&#8221;on|desktop&#8221; locked=&#8221;off&#8221; collapsed=&#8221;on&#8221; global_colors_info=&#8221;{}&#8221;][et_pb_row custom_padding_last_edited=&#8221;on|phone&#8221; _builder_version=&#8221;4.27.4&#8243; _module_preset=&#8221;default&#8221; width=&#8221;100%&#8221; width_tablet=&#8221;&#8221; width_phone=&#8221;&#8221; width_last_edited=&#8221;on|desktop&#8221; max_width=&#8221;1080px&#8221; max_width_tablet=&#8221;1080px&#8221; max_width_phone=&#8221;1080px&#8221; max_width_last_edited=&#8221;on|desktop&#8221; module_alignment=&#8221;left&#8221; custom_padding=&#8221;36px|||||&#8221; custom_padding_tablet=&#8221;36px|||||&#8221; custom_padding_phone=&#8221;10px||||false|false&#8221; global_colors_info=&#8221;{}&#8221;][et_pb_column type=&#8221;4_4&#8243; _builder_version=&#8221;4.27.4&#8243; _module_preset=&#8221;default&#8221; custom_padding=&#8221;2%||2%|15%|true|false&#8221; custom_padding_tablet=&#8221;0px||0px||true|false&#8221; custom_padding_phone=&#8221;0px||0px||true|false&#8221; custom_padding_last_edited=&#8221;on|desktop&#8221; global_colors_info=&#8221;{}&#8221;][et_pb_text _builder_version=&#8221;4.27.4&#8243; _module_preset=&#8221;e9f926b1-ef45-4f02-9a17-a7fd4684f8e0&#8243; text_text_color=&#8221;#4D4D4D&#8221; header_font=&#8221;|700|||||||&#8221; header_text_color=&#8221;#F7F7F7&#8243; header_4_text_color=&#8221;#FFFFFF&#8221; custom_margin=&#8221;||0px|10%|false|false&#8221; custom_margin_tablet=&#8221;||0px|10%|false|false&#8221; custom_margin_phone=&#8221;||0px|10%|false|false&#8221; custom_margin_last_edited=&#8221;on|desktop&#8221; custom_padding=&#8221;|||0px|false|false&#8221; custom_padding_tablet=&#8221;|||15px|false|false&#8221; custom_padding_phone=&#8221;|||15px|false|false&#8221; custom_padding_last_edited=&#8221;on|desktop&#8221; global_colors_info=&#8221;{}&#8221;]<\/p>\n<h4>Empresa<\/h4>\n<p>[\/et_pb_text][et_pb_text _builder_version=&#8221;4.27.4&#8243; _module_preset=&#8221;bd7ac4d0-f48d-449b-bf14-9885ff173900&#8243; header_text_color=&#8221;#FFFFFF&#8221; width_tablet=&#8221;&#8221; width_phone=&#8221;&#8221; width_last_edited=&#8221;on|desktop&#8221; height_tablet=&#8221;&#8221; height_phone=&#8221;&#8221; height_last_edited=&#8221;on|desktop&#8221; custom_margin=&#8221;|||10%|false|false&#8221; custom_margin_tablet=&#8221;|||10%|false|false&#8221; custom_margin_phone=&#8221;|||10%|false|false&#8221; custom_margin_last_edited=&#8221;on|desktop&#8221; custom_padding=&#8221;|||0px|false|false&#8221; custom_padding_tablet=&#8221;|||15px|false|false&#8221; custom_padding_phone=&#8221;|||12px|false|false&#8221; custom_padding_last_edited=&#8221;on|phone&#8221; header_font_size_tablet=&#8221;&#8221; header_font_size_phone=&#8221;&#8221; header_font_size_last_edited=&#8221;on|tablet&#8221; global_colors_info=&#8221;{}&#8221;]<\/p>\n<h1><span style=\"color: #ffffff;\"><strong>Pol\u00edticas<\/strong><\/span><\/h1>\n<p>[\/et_pb_text][\/et_pb_column][\/et_pb_row][\/et_pb_section][et_pb_section fb_built=&#8221;1&#8243; custom_padding_last_edited=&#8221;on|desktop&#8221; next_background_color=&#8221;#000000&#8243; _builder_version=&#8221;4.27.4&#8243; _module_preset=&#8221;default&#8221; use_background_color_gradient=&#8221;off&#8221; background_enable_image=&#8221;off&#8221; custom_padding=&#8221;5%||5%||false|false&#8221; custom_padding_tablet=&#8221;5%||5%||false|false&#8221; custom_padding_phone=&#8221;5%||5%||false|false&#8221; bottom_divider_style=&#8221;none&#8221; global_colors_info=&#8221;{}&#8221;][et_pb_row column_structure=&#8221;1_5,1_5,1_5,1_5,1_5&#8243; use_custom_gutter=&#8221;on&#8221; make_equal=&#8221;on&#8221; admin_label=&#8221;Row&#8221; _builder_version=&#8221;4.27.4&#8243; _module_preset=&#8221;default&#8221; width=&#8221;100%&#8221; width_tablet=&#8221;90%&#8221; width_phone=&#8221;90%&#8221; width_last_edited=&#8221;on|desktop&#8221; max_width=&#8221;1080px&#8221; max_width_tablet=&#8221;1440px&#8221; max_width_phone=&#8221;1440px&#8221; max_width_last_edited=&#8221;on|desktop&#8221; hover_enabled=&#8221;0&#8243; global_colors_info=&#8221;{}&#8221; sticky_enabled=&#8221;0&#8243;][et_pb_column type=&#8221;1_5&#8243; _builder_version=&#8221;4.27.4&#8243; _module_preset=&#8221;default&#8221; custom_padding=&#8221;20px|20px|20px|20px|true|true&#8221; animation_style=&#8221;bounce&#8221; animation_direction=&#8221;bottom&#8221; link_option_url=&#8221;https:\/\/inapalmetal.pt\/engenharia\/&#8221; hover_enabled=&#8221;0&#8243; global_colors_info=&#8221;{}&#8221; background_color__hover=&#8221;#C4C4C4&#8243; background__hover_enabled=&#8221;on|hover&#8221; background_enable_color__hover=&#8221;on&#8221; sticky_enabled=&#8221;0&#8243;][et_pb_text content_tablet=&#8221;<\/p>\n<p style=%22text-align: left;%22>Pol\u00edtica de Privacidade<\/p>\n<p>&#8221; content_phone=&#8221;<\/p>\n<p style=%22text-align: left;%22>Pol\u00edtica de Privacidade<\/p>\n<p>&#8221; content_last_edited=&#8221;on|tablet&#8221; _builder_version=&#8221;4.27.4&#8243; _module_preset=&#8221;default&#8221; text_font=&#8221;Raleway|700|||||||&#8221; text_text_color=&#8221;#E02B20&#8243; text_font_size=&#8221;25px&#8221; text_line_height=&#8221;1.5em&#8221; animation_direction=&#8221;right&#8221; link_option_url=&#8221;https:\/\/inapalmetal.pt\/rgpd\/&#8221; link_option_url_new_window=&#8221;on&#8221; scroll_horizontal_motion=&#8221;0|67|67|100|4|0|-4&#8243; hover_enabled=&#8221;0&#8243; text_font_size_tablet=&#8221;25px&#8221; text_font_size_phone=&#8221;25px&#8221; text_font_size_last_edited=&#8221;on|desktop&#8221; global_colors_info=&#8221;{}&#8221; text_text_color__hover_enabled=&#8221;on|hover&#8221; text_text_color__hover=&#8221;#E02B20&#8243; sticky_enabled=&#8221;0&#8243;]<\/p>\n<p style=\"text-align: left;\">Pol\u00edtica de Privacidade<\/p>\n<p>[\/et_pb_text][\/et_pb_column][et_pb_column type=&#8221;1_5&#8243; _builder_version=&#8221;4.16&#8243; _module_preset=&#8221;default&#8221; custom_padding=&#8221;20px|20px|20px|20px|true|true&#8221; animation_style=&#8221;bounce&#8221; animation_direction=&#8221;bottom&#8221; link_option_url=&#8221;https:\/\/inapalmetal.pt\/estampagem\/&#8221; global_colors_info=&#8221;{}&#8221; background_color__hover=&#8221;#C4C4C4&#8243; background__hover_enabled=&#8221;on|hover&#8221; background_enable_color__hover=&#8221;on&#8221;][et_pb_text content_tablet=&#8221;<\/p>\n<p style=%22text-align: left;%22>Seguran\u00e7a da Informa\u00e7\u00e3o<\/p>\n<p>&#8221; content_phone=&#8221;<\/p>\n<p style=%22text-align: left;%22>Seguran\u00e7a da Informa\u00e7\u00e3o<\/p>\n<p>&#8221; content_last_edited=&#8221;on|tablet&#8221; _builder_version=&#8221;4.27.4&#8243; _module_preset=&#8221;default&#8221; text_font=&#8221;Raleway|700|||||||&#8221; text_text_color=&#8221;#E02B20&#8243; text_font_size=&#8221;25px&#8221; text_line_height=&#8221;1.5em&#8221; link_option_url=&#8221;https:\/\/inapalmetal.pt\/wp-content\/uploads\/2023\/11\/Politica-de-Seguranca-da-Informacao-1.pdf&#8221; link_option_url_new_window=&#8221;on&#8221; hover_enabled=&#8221;0&#8243; text_font_size_tablet=&#8221;25px&#8221; text_font_size_phone=&#8221;25px&#8221; text_font_size_last_edited=&#8221;on|desktop&#8221; global_colors_info=&#8221;{}&#8221; text_text_color__hover_enabled=&#8221;on|hover&#8221; text_text_color__hover=&#8221;#E02B20&#8243; sticky_enabled=&#8221;0&#8243;]<\/p>\n<p style=\"text-align: left;\">Seguran\u00e7a da Informa\u00e7\u00e3o<\/p>\n<p>[\/et_pb_text][\/et_pb_column][et_pb_column type=&#8221;1_5&#8243; _builder_version=&#8221;4.16&#8243; _module_preset=&#8221;default&#8221; custom_padding=&#8221;20px|20px|20px|20px|true|true&#8221; animation_style=&#8221;bounce&#8221; animation_direction=&#8221;bottom&#8221; link_option_url=&#8221;inapalmetal.pt\/soldadura-2\/&#8221; global_colors_info=&#8221;{}&#8221; background_color__hover=&#8221;#C4C4C4&#8243; background__hover_enabled=&#8221;on|hover&#8221; background_enable_color__hover=&#8221;on&#8221;][et_pb_text content_tablet=&#8221;<\/p>\n<p style=%22text-align: left;%22>Pol\u00edtica de Organiza\u00e7\u00e3o<\/p>\n<p>&#8221; content_phone=&#8221;<\/p>\n<p style=%22text-align: left;%22>Pol\u00edtica de Organiza\u00e7\u00e3o<\/p>\n<p>&#8221; content_last_edited=&#8221;on|tablet&#8221; _builder_version=&#8221;4.27.4&#8243; _dynamic_attributes=&#8221;link_option_url&#8221; _module_preset=&#8221;default&#8221; text_font=&#8221;Raleway|700|||||||&#8221; text_text_color=&#8221;#E02B20&#8243; text_font_size=&#8221;25px&#8221; text_line_height=&#8221;1.5em&#8221; link_option_url=&#8221;@ET-DC@eyJkeW5hbWljIjp0cnVlLCJjb250ZW50IjoicG9zdF9saW5rX3VybF9hdHRhY2htZW50Iiwic2V0dGluZ3MiOnsicG9zdF9pZCI6IjI0MTI1MCJ9fQ==@&#8221; link_option_url_new_window=&#8221;on&#8221; hover_enabled=&#8221;0&#8243; text_font_size_tablet=&#8221;25px&#8221; text_font_size_phone=&#8221;25px&#8221; text_font_size_last_edited=&#8221;on|desktop&#8221; global_colors_info=&#8221;{}&#8221; text_text_color__hover_enabled=&#8221;on|hover&#8221; text_text_color__hover=&#8221;#E02B20&#8243; sticky_enabled=&#8221;0&#8243;]<\/p>\n<p style=\"text-align: left;\">Pol\u00edtica de Organiza\u00e7\u00e3o<\/p>\n<p>[\/et_pb_text][\/et_pb_column][et_pb_column type=&#8221;1_5&#8243; _builder_version=&#8221;4.16&#8243; _module_preset=&#8221;default&#8221; custom_padding=&#8221;20px|20px|20px|20px|true|true&#8221; animation_style=&#8221;bounce&#8221; animation_direction=&#8221;bottom&#8221; link_option_url=&#8221;https:\/\/inapalmetal.pt\/montagem-2\/&#8221; global_colors_info=&#8221;{}&#8221; background_color__hover=&#8221;#C4C4C4&#8243; background__hover_enabled=&#8221;on|hover&#8221; background_enable_color__hover=&#8221;on&#8221;][et_pb_text content_tablet=&#8221;<\/p>\n<p style=%22text-align: left;%22>Condi\u00e7\u00f5es Gerais de compra<\/p>\n<p>&#8221; content_phone=&#8221;<\/p>\n<p style=%22text-align: left;%22>Condi\u00e7\u00f5es Gerais de compra<\/p>\n<p>&#8221; content_last_edited=&#8221;on|tablet&#8221; _builder_version=&#8221;4.27.4&#8243; _module_preset=&#8221;default&#8221; text_font=&#8221;Raleway|700|||||||&#8221; text_text_color=&#8221;#E02B20&#8243; text_font_size=&#8221;25px&#8221; text_line_height=&#8221;1.5em&#8221; link_option_url=&#8221;https:\/\/inapalmetal.pt\/wp-content\/uploads\/2022\/05\/CondicoesGeraisDeCompraRev20201029.pdf&#8221; link_option_url_new_window=&#8221;on&#8221; hover_enabled=&#8221;0&#8243; text_font_size_tablet=&#8221;25px&#8221; text_font_size_phone=&#8221;25px&#8221; text_font_size_last_edited=&#8221;on|desktop&#8221; global_colors_info=&#8221;{}&#8221; text_text_color__hover_enabled=&#8221;on|hover&#8221; text_text_color__hover=&#8221;#E02B20&#8243; sticky_enabled=&#8221;0&#8243;]<\/p>\n<p style=\"text-align: left;\">Condi\u00e7\u00f5es Gerais de Compra<\/p>\n<p>[\/et_pb_text][\/et_pb_column][et_pb_column type=&#8221;1_5&#8243; _builder_version=&#8221;4.16&#8243; _module_preset=&#8221;default&#8221; custom_padding=&#8221;20px|20px|20px|20px|true|true&#8221; animation_style=&#8221;bounce&#8221; animation_direction=&#8221;bottom&#8221; link_option_url=&#8221;https:\/\/inapalmetal.pt\/montagem-2\/&#8221; global_colors_info=&#8221;{}&#8221; background_color__hover=&#8221;#C4C4C4&#8243; background__hover_enabled=&#8221;on|hover&#8221; background_enable_color__hover=&#8221;on&#8221;][et_pb_text content_tablet=&#8221;<\/p>\n<p style=%22text-align: left;%22>Requisitos de Fornecedores<\/p>\n<p>&#8221; content_phone=&#8221;<\/p>\n<p style=%22text-align: left;%22>Requisitos de Fornecedores<\/p>\n<p>&#8221; content_last_edited=&#8221;on|tablet&#8221; _builder_version=&#8221;4.27.4&#8243; _module_preset=&#8221;default&#8221; text_font=&#8221;Raleway|700|||||||&#8221; text_text_color=&#8221;#E02B20&#8243; text_font_size=&#8221;25px&#8221; text_line_height=&#8221;1.5em&#8221; link_option_url=&#8221;https:\/\/inapalmetal.pt\/wp-content\/uploads\/2025\/02\/RequisitosFornecedores20250210-2.pdf&#8221; link_option_url_new_window=&#8221;on&#8221; hover_enabled=&#8221;0&#8243; text_font_size_tablet=&#8221;25px&#8221; text_font_size_phone=&#8221;25px&#8221; text_font_size_last_edited=&#8221;on|desktop&#8221; global_colors_info=&#8221;{}&#8221; text_text_color__hover_enabled=&#8221;on|hover&#8221; text_text_color__hover=&#8221;#E02B20&#8243; sticky_enabled=&#8221;0&#8243;]<\/p>\n<p style=\"text-align: left;\">Requisitos de Fornecedores<\/p>\n<p>[\/et_pb_text][\/et_pb_column][\/et_pb_row][\/et_pb_section]<\/p>\n","protected":false},"excerpt":{"rendered":"<p>EmpresaPol\u00edticasPol\u00edtica de PrivacidadeSeguran\u00e7a da Informa\u00e7\u00e3oPol\u00edtica de Organiza\u00e7\u00e3oCondi\u00e7\u00f5es Gerais de CompraRequisitos de Fornecedores<\/p>","protected":false},"author":1,"featured_media":0,"parent":0,"menu_order":0,"comment_status":"closed","ping_status":"closed","template":"","meta":{"_et_pb_use_builder":"on","_et_pb_old_content":"","_et_gb_content_width":"","_monsterinsights_skip_tracking":false,"_monsterinsights_sitenote_active":false,"_monsterinsights_sitenote_note":"","_monsterinsights_sitenote_category":0,"footnotes":""},"class_list":["post-237483","page","type-page","status-publish","hentry"],"yoast_head":"<!-- This site is optimized with the Yoast SEO plugin v27.4 - https:\/\/yoast.com\/product\/yoast-seo-wordpress\/ -->\n<title>Pol\u00edtica - Inapal Metal<\/title>\n<meta name=\"description\" content=\"Todas as pol\u00edticas da Inapal Metal, como: Pol\u00edtica de Privacidade, de Seguran\u00e7a, de Organiza\u00e7\u00e3o e tamb\u00e9m as Condi\u00e7\u00f5es Gerais de Compra.\" \/>\n<meta name=\"robots\" content=\"index, follow, max-snippet:-1, max-image-preview:large, max-video-preview:-1\" \/>\n<link rel=\"canonical\" href=\"https:\/\/inapalmetal.pt\/en\/politica\/\" \/>\n<meta property=\"og:locale\" content=\"en_GB\" \/>\n<meta property=\"og:type\" content=\"article\" \/>\n<meta property=\"og:title\" content=\"Pol\u00edtica - Inapal Metal\" \/>\n<meta property=\"og:description\" content=\"Todas as pol\u00edticas da Inapal Metal, como: Pol\u00edtica de Privacidade, de Seguran\u00e7a, de Organiza\u00e7\u00e3o e tamb\u00e9m as Condi\u00e7\u00f5es Gerais de Compra.\" \/>\n<meta property=\"og:url\" content=\"https:\/\/inapalmetal.pt\/en\/politica\/\" \/>\n<meta property=\"og:site_name\" content=\"Inapal Metal\" \/>\n<meta property=\"article:modified_time\" content=\"2025-11-17T11:53:43+00:00\" \/>\n<meta name=\"twitter:card\" content=\"summary_large_image\" \/>\n<meta name=\"twitter:label1\" content=\"Estimated reading time\" \/>\n\t<meta name=\"twitter:data1\" content=\"1 minute\" \/>\n<script type=\"application\/ld+json\" class=\"yoast-schema-graph\">{\"@context\":\"https:\\\/\\\/schema.org\",\"@graph\":[{\"@type\":\"WebPage\",\"@id\":\"https:\\\/\\\/inapalmetal.pt\\\/politica\\\/\",\"url\":\"https:\\\/\\\/inapalmetal.pt\\\/politica\\\/\",\"name\":\"Pol\u00edtica - Inapal Metal\",\"isPartOf\":{\"@id\":\"https:\\\/\\\/inapalmetal.pt\\\/#website\"},\"datePublished\":\"2022-05-16T12:19:57+00:00\",\"dateModified\":\"2025-11-17T11:53:43+00:00\",\"description\":\"Todas as pol\u00edticas da Inapal Metal, como: Pol\u00edtica de Privacidade, de Seguran\u00e7a, de Organiza\u00e7\u00e3o e tamb\u00e9m as Condi\u00e7\u00f5es Gerais de Compra.\",\"breadcrumb\":{\"@id\":\"https:\\\/\\\/inapalmetal.pt\\\/politica\\\/#breadcrumb\"},\"inLanguage\":\"en-GB\",\"potentialAction\":[{\"@type\":\"ReadAction\",\"target\":[\"https:\\\/\\\/inapalmetal.pt\\\/politica\\\/\"]}]},{\"@type\":\"BreadcrumbList\",\"@id\":\"https:\\\/\\\/inapalmetal.pt\\\/politica\\\/#breadcrumb\",\"itemListElement\":[{\"@type\":\"ListItem\",\"position\":1,\"name\":\"Home\",\"item\":\"https:\\\/\\\/inapalmetal.pt\\\/\"},{\"@type\":\"ListItem\",\"position\":2,\"name\":\"Pol\u00edtica\"}]},{\"@type\":\"WebSite\",\"@id\":\"https:\\\/\\\/inapalmetal.pt\\\/#website\",\"url\":\"https:\\\/\\\/inapalmetal.pt\\\/\",\"name\":\"Inapal Metal\",\"description\":\"Inapal Metal, S.A,\",\"publisher\":{\"@id\":\"https:\\\/\\\/inapalmetal.pt\\\/#organization\"},\"potentialAction\":[{\"@type\":\"SearchAction\",\"target\":{\"@type\":\"EntryPoint\",\"urlTemplate\":\"https:\\\/\\\/inapalmetal.pt\\\/?s={search_term_string}\"},\"query-input\":{\"@type\":\"PropertyValueSpecification\",\"valueRequired\":true,\"valueName\":\"search_term_string\"}}],\"inLanguage\":\"en-GB\"},{\"@type\":\"Organization\",\"@id\":\"https:\\\/\\\/inapalmetal.pt\\\/#organization\",\"name\":\"Inapal Metal\",\"url\":\"https:\\\/\\\/inapalmetal.pt\\\/\",\"logo\":{\"@type\":\"ImageObject\",\"inLanguage\":\"en-GB\",\"@id\":\"https:\\\/\\\/inapalmetal.pt\\\/#\\\/schema\\\/logo\\\/image\\\/\",\"url\":\"https:\\\/\\\/inapalmetal.pt\\\/wp-content\\\/uploads\\\/2022\\\/02\\\/cropped-Logotipo-IM_Vetor.png\",\"contentUrl\":\"https:\\\/\\\/inapalmetal.pt\\\/wp-content\\\/uploads\\\/2022\\\/02\\\/cropped-Logotipo-IM_Vetor.png\",\"width\":492,\"height\":320,\"caption\":\"Inapal Metal\"},\"image\":{\"@id\":\"https:\\\/\\\/inapalmetal.pt\\\/#\\\/schema\\\/logo\\\/image\\\/\"}}]}<\/script>\n<!-- \/ Yoast SEO plugin. -->","yoast_head_json":{"title":"Pol\u00edtica - Inapal Metal","description":"Todas as pol\u00edticas da Inapal Metal, como: Pol\u00edtica de Privacidade, de Seguran\u00e7a, de Organiza\u00e7\u00e3o e tamb\u00e9m as Condi\u00e7\u00f5es Gerais de Compra.","robots":{"index":"index","follow":"follow","max-snippet":"max-snippet:-1","max-image-preview":"max-image-preview:large","max-video-preview":"max-video-preview:-1"},"canonical":"https:\/\/inapalmetal.pt\/en\/politica\/","og_locale":"en_GB","og_type":"article","og_title":"Pol\u00edtica - Inapal Metal","og_description":"Todas as pol\u00edticas da Inapal Metal, como: Pol\u00edtica de Privacidade, de Seguran\u00e7a, de Organiza\u00e7\u00e3o e tamb\u00e9m as Condi\u00e7\u00f5es Gerais de Compra.","og_url":"https:\/\/inapalmetal.pt\/en\/politica\/","og_site_name":"Inapal Metal","article_modified_time":"2025-11-17T11:53:43+00:00","twitter_card":"summary_large_image","twitter_misc":{"Estimated reading time":"1 minute"},"schema":{"@context":"https:\/\/schema.org","@graph":[{"@type":"WebPage","@id":"https:\/\/inapalmetal.pt\/politica\/","url":"https:\/\/inapalmetal.pt\/politica\/","name":"Pol\u00edtica - Inapal Metal","isPartOf":{"@id":"https:\/\/inapalmetal.pt\/#website"},"datePublished":"2022-05-16T12:19:57+00:00","dateModified":"2025-11-17T11:53:43+00:00","description":"Todas as pol\u00edticas da Inapal Metal, como: Pol\u00edtica de Privacidade, de Seguran\u00e7a, de Organiza\u00e7\u00e3o e tamb\u00e9m as Condi\u00e7\u00f5es Gerais de Compra.","breadcrumb":{"@id":"https:\/\/inapalmetal.pt\/politica\/#breadcrumb"},"inLanguage":"en-GB","potentialAction":[{"@type":"ReadAction","target":["https:\/\/inapalmetal.pt\/politica\/"]}]},{"@type":"BreadcrumbList","@id":"https:\/\/inapalmetal.pt\/politica\/#breadcrumb","itemListElement":[{"@type":"ListItem","position":1,"name":"Home","item":"https:\/\/inapalmetal.pt\/"},{"@type":"ListItem","position":2,"name":"Pol\u00edtica"}]},{"@type":"WebSite","@id":"https:\/\/inapalmetal.pt\/#website","url":"https:\/\/inapalmetal.pt\/","name":"Inapal Metal","description":"Inapal Metal, S.A,","publisher":{"@id":"https:\/\/inapalmetal.pt\/#organization"},"potentialAction":[{"@type":"SearchAction","target":{"@type":"EntryPoint","urlTemplate":"https:\/\/inapalmetal.pt\/?s={search_term_string}"},"query-input":{"@type":"PropertyValueSpecification","valueRequired":true,"valueName":"search_term_string"}}],"inLanguage":"en-GB"},{"@type":"Organization","@id":"https:\/\/inapalmetal.pt\/#organization","name":"Inapal Metal","url":"https:\/\/inapalmetal.pt\/","logo":{"@type":"ImageObject","inLanguage":"en-GB","@id":"https:\/\/inapalmetal.pt\/#\/schema\/logo\/image\/","url":"https:\/\/inapalmetal.pt\/wp-content\/uploads\/2022\/02\/cropped-Logotipo-IM_Vetor.png","contentUrl":"https:\/\/inapalmetal.pt\/wp-content\/uploads\/2022\/02\/cropped-Logotipo-IM_Vetor.png","width":492,"height":320,"caption":"Inapal Metal"},"image":{"@id":"https:\/\/inapalmetal.pt\/#\/schema\/logo\/image\/"}}]}},"_links":{"self":[{"href":"https:\/\/inapalmetal.pt\/en\/wp-json\/wp\/v2\/pages\/237483","targetHints":{"allow":["GET"]}}],"collection":[{"href":"https:\/\/inapalmetal.pt\/en\/wp-json\/wp\/v2\/pages"}],"about":[{"href":"https:\/\/inapalmetal.pt\/en\/wp-json\/wp\/v2\/types\/page"}],"author":[{"embeddable":true,"href":"https:\/\/inapalmetal.pt\/en\/wp-json\/wp\/v2\/users\/1"}],"replies":[{"embeddable":true,"href":"https:\/\/inapalmetal.pt\/en\/wp-json\/wp\/v2\/comments?post=237483"}],"version-history":[{"count":34,"href":"https:\/\/inapalmetal.pt\/en\/wp-json\/wp\/v2\/pages\/237483\/revisions"}],"predecessor-version":[{"id":241382,"href":"https:\/\/inapalmetal.pt\/en\/wp-json\/wp\/v2\/pages\/237483\/revisions\/241382"}],"wp:attachment":[{"href":"https:\/\/inapalmetal.pt\/en\/wp-json\/wp\/v2\/media?parent=237483"}],"curies":[{"name":"wp","href":"https:\/\/api.w.org\/{rel}","templated":true}]}}